{"id":18446,"date":"2025-11-27T16:59:46","date_gmt":"2025-11-27T15:59:46","guid":{"rendered":"https:\/\/camping-vert-auxois.fr\/?page_id=18446"},"modified":"2025-11-28T09:43:01","modified_gmt":"2025-11-28T08:43:01","slug":"customer-reviews-of-our-campsite-in-cote-dor-in-pouilly-en-auxois","status":"publish","type":"page","link":"https:\/\/camping-vert-auxois.fr\/en\/customer-reviews-of-our-campsite-in-cote-dor-in-pouilly-en-auxois\/","title":{"rendered":"Customer Reviews of Camping Vert Auxois"},"content":{"rendered":"<div data-elementor-type=\"wp-post\" data-elementor-id=\"18446\" class=\"elementor elementor-18446\" data-elementor-post-type=\"page\">\n\t\t\t\t\t\t<section class=\"elementor-section elementor-top-section elementor-element elementor-element-611a25d3 elementor-section-content-middle elementor-section-full_width elementor-section-height-min-height elementor-section-height-default elementor-section-items-middle\" data-id=\"611a25d3\" data-element_type=\"section\" data-e-type=\"section\" data-settings=\"{&quot;background_background&quot;:&quot;classic&quot;}\">\n\t\t\t\t\t\t\t<div class=\"elementor-background-overlay\"><\/div>\n\t\t\t\t\t\t\t<div class=\"elementor-container elementor-column-gap-no\">\n\t\t\t\t\t<div class=\"elementor-column elementor-col-100 elementor-top-column elementor-element elementor-element-52cf2683\" data-id=\"52cf2683\" data-element_type=\"column\" data-e-type=\"column\" data-settings=\"{&quot;background_background&quot;:&quot;classic&quot;}\">\n\t\t\t<div class=\"elementor-widget-wrap elementor-element-populated\">\n\t\t\t\t\t\t<section class=\"elementor-section elementor-inner-section elementor-element elementor-element-4448b264 elementor-section-full_width elementor-section-height-min-height elementor-section-content-middle elementor-section-height-default\" data-id=\"4448b264\" data-element_type=\"section\" data-e-type=\"section\" data-settings=\"{&quot;background_background&quot;:&quot;classic&quot;}\">\n\t\t\t\t\t\t<div class=\"elementor-container elementor-column-gap-default\">\n\t\t\t\t\t<div class=\"elementor-column elementor-col-100 elementor-inner-column elementor-element elementor-element-744c7aff\" data-id=\"744c7aff\" data-element_type=\"column\" data-e-type=\"column\" data-settings=\"{&quot;background_background&quot;:&quot;classic&quot;}\">\n\t\t\t<div class=\"elementor-widget-wrap\">\n\t\t\t\t\t\t\t<\/div>\n\t\t<\/div>\n\t\t\t\t\t<\/div>\n\t\t<\/section>\n\t\t\t\t\t<\/div>\n\t\t<\/div>\n\t\t\t\t\t<\/div>\n\t\t<\/section>\n\t\t\t\t<section class=\"elementor-section elementor-inner-section elementor-element elementor-element-1a6079e0 elementor-section-boxed elementor-section-height-default elementor-section-height-default\" data-id=\"1a6079e0\" data-element_type=\"section\" data-e-type=\"section\" data-settings=\"{&quot;background_background&quot;:&quot;classic&quot;}\">\n\t\t\t\t\t\t<div class=\"elementor-container elementor-column-gap-default\">\n\t\t\t\t\t<div class=\"elementor-column elementor-col-100 elementor-inner-column elementor-element elementor-element-26f0c5f4\" data-id=\"26f0c5f4\" data-element_type=\"column\" data-e-type=\"column\" data-settings=\"{&quot;background_background&quot;:&quot;classic&quot;}\">\n\t\t\t<div class=\"elementor-widget-wrap elementor-element-populated\">\n\t\t\t\t\t\t<div class=\"elementor-element elementor-element-36f2d63 elementor-widget elementor-widget-html\" data-id=\"36f2d63\" data-element_type=\"widget\" data-e-type=\"widget\" data-widget_type=\"html.default\">\n\t\t\t\t<div class=\"elementor-widget-container\">\n\t\t\t\t\t<ctv-searchbar><\/ctv-searchbar>\t\t\t\t<\/div>\n\t\t\t\t<\/div>\n\t\t\t\t\t<\/div>\n\t\t<\/div>\n\t\t\t\t\t<\/div>\n\t\t<\/section>\n\t\t\t\t<section class=\"elementor-section elementor-top-section elementor-element elementor-element-22e3eaa elementor-section-full_width elementor-section-height-default elementor-section-height-default\" data-id=\"22e3eaa\" data-element_type=\"section\" data-e-type=\"section\" data-settings=\"{&quot;background_background&quot;:&quot;classic&quot;}\">\n\t\t\t\t\t\t\t<div class=\"elementor-background-overlay\"><\/div>\n\t\t\t\t\t\t\t<div class=\"elementor-container elementor-column-gap-default\">\n\t\t\t\t\t<div class=\"elementor-column elementor-col-100 elementor-top-column elementor-element elementor-element-a752718\" data-id=\"a752718\" data-element_type=\"column\" data-e-type=\"column\">\n\t\t\t<div class=\"elementor-widget-wrap elementor-element-populated\">\n\t\t\t\t\t\t<div class=\"elementor-element elementor-element-120df72 elementor-widget elementor-widget-heading\" data-id=\"120df72\" data-element_type=\"widget\" data-e-type=\"widget\" data-widget_type=\"heading.default\">\n\t\t\t\t<div class=\"elementor-widget-container\">\n\t\t\t\t\t<h1 class=\"elementor-heading-title elementor-size-default\">They stayed with us\u2026<\/h1>\t\t\t\t<\/div>\n\t\t\t\t<\/div>\n\t\t\t\t<div class=\"elementor-element elementor-element-9d0a365 elementor-widget elementor-widget-heading\" data-id=\"9d0a365\" data-element_type=\"widget\" data-e-type=\"widget\" data-widget_type=\"heading.default\">\n\t\t\t\t<div class=\"elementor-widget-container\">\n\t\t\t\t\t<span class=\"elementor-heading-title elementor-size-default\">Thank you for your lovely reviews!<\/span>\t\t\t\t<\/div>\n\t\t\t\t<\/div>\n\t\t\t\t\t<\/div>\n\t\t<\/div>\n\t\t\t\t\t<\/div>\n\t\t<\/section>\n\t\t\t\t<section class=\"elementor-section elementor-top-section elementor-element elementor-element-79514af elementor-section-boxed elementor-section-height-default elementor-section-height-default\" data-id=\"79514af\" data-element_type=\"section\" data-e-type=\"section\">\n\t\t\t\t\t\t<div class=\"elementor-container elementor-column-gap-default\">\n\t\t\t\t\t<div class=\"elementor-column elementor-col-100 elementor-top-column elementor-element elementor-element-9f4a371\" data-id=\"9f4a371\" data-element_type=\"column\" data-e-type=\"column\">\n\t\t\t<div class=\"elementor-widget-wrap elementor-element-populated\">\n\t\t\t\t\t\t<div class=\"elementor-element elementor-element-d6883c6 elementor-widget elementor-widget-html\" data-id=\"d6883c6\" data-element_type=\"widget\" data-e-type=\"widget\" data-widget_type=\"html.default\">\n\t\t\t\t<div class=\"elementor-widget-container\">\n\t\t\t\t\t<div class=\"c2b-widget-wrapper\">\n    <iframe \n        src=\"https:\/\/en.camping2be.com\/france\/pouilly-en-auxois\/client-reviews-camping-vert-auxois?_gl=1*zt0twa*_gcl_au*MTAzNzY5MTQxMC4xNzYzNzE5MzU3\" \n        loading=\"lazy\"\n        frameborder=\"0\"\n        scrolling=\"auto\">\n    <\/iframe>\n<\/div>\n\n<style>\n    .c2b-widget-wrapper {\n        width: 100%;\n        max-width: 1100px;   \/* largeur max sur grand \u00e9cran, tu peux ajuster *\/\n        margin: 0 auto;      \/* centre le bloc *\/\n    }\n\n    .c2b-widget-wrapper iframe {\n        width: 100%;\n        border: 0;\n        \/* hauteur par d\u00e9faut (bureau \/ grand \u00e9cran) *\/\n        height: 650px;\n    }\n\n    \/* Tablette *\/\n    @media (max-width: 1024px) {\n        .c2b-widget-wrapper iframe {\n            height: 750px;\n        }\n    }\n\n    \/* Mobile *\/\n    @media (max-width: 768px) {\n        .c2b-widget-wrapper iframe {\n            height: 900px;\n        }\n    }\n<\/style>\n\t\t\t\t<\/div>\n\t\t\t\t<\/div>\n\t\t\t\t\t<\/div>\n\t\t<\/div>\n\t\t\t\t\t<\/div>\n\t\t<\/section>\n\t\t\t\t<section class=\"elementor-section elementor-top-section elementor-element elementor-element-d7dc730 elementor-section-boxed elementor-section-height-default elementor-section-height-default\" data-id=\"d7dc730\" data-element_type=\"section\" data-e-type=\"section\">\n\t\t\t\t\t\t<div class=\"elementor-container elementor-column-gap-default\">\n\t\t\t\t\t<div class=\"elementor-column elementor-col-100 elementor-top-column elementor-element elementor-element-73e96499\" data-id=\"73e96499\" data-element_type=\"column\" data-e-type=\"column\">\n\t\t\t<div class=\"elementor-widget-wrap elementor-element-populated\">\n\t\t\t\t\t\t<div class=\"elementor-element elementor-element-66a5fa74 elementor-align-center elementor-widget elementor-widget-button\" data-id=\"66a5fa74\" data-element_type=\"widget\" data-e-type=\"widget\" data-widget_type=\"button.default\">\n\t\t\t\t<div class=\"elementor-widget-container\">\n\t\t\t\t\t\t\t\t\t<div class=\"elementor-button-wrapper\">\n\t\t\t\t\t<a class=\"elementor-button elementor-button-link elementor-size-md\" href=\"https:\/\/reservation.secureholiday.net\/en\/8566\/\" target=\"_blank\">\n\t\t\t\t\t\t<span class=\"elementor-button-content-wrapper\">\n\t\t\t\t\t\t\t\t\t<span class=\"elementor-button-text\">Book your stay!<\/span>\n\t\t\t\t\t<\/span>\n\t\t\t\t\t<\/a>\n\t\t\t\t<\/div>\n\t\t\t\t\t\t\t\t<\/div>\n\t\t\t\t<\/div>\n\t\t\t\t<div class=\"elementor-element elementor-element-152ca54f elementor-widget elementor-widget-spacer\" data-id=\"152ca54f\" data-element_type=\"widget\" data-e-type=\"widget\" data-widget_type=\"spacer.default\">\n\t\t\t\t<div class=\"elementor-widget-container\">\n\t\t\t\t\t\t\t<div class=\"elementor-spacer\">\n\t\t\t<div class=\"elementor-spacer-inner\"><\/div>\n\t\t<\/div>\n\t\t\t\t\t\t<\/div>\n\t\t\t\t<\/div>\n\t\t\t\t\t<\/div>\n\t\t<\/div>\n\t\t\t\t\t<\/div>\n\t\t<\/section>\n\t\t\t\t<\/div>","protected":false},"excerpt":{"rendered":"<p>They stayed with us\u2026 Thank you for your lovely reviews! Book your stay!<\/p>","protected":false},"author":1,"featured_media":16575,"parent":0,"menu_order":0,"comment_status":"closed","ping_status":"closed","template":"","meta":{"footnotes":""},"class_list":{"0":"post-18446","1":"page","2":"type-page","3":"status-publish","4":"has-post-thumbnail","6":"no-featured-image-padding"},"yoast_head":"<!-- This site is optimized with the Yoast SEO plugin v27.4 - https:\/\/yoast.com\/product\/yoast-seo-wordpress\/ -->\n<title>Guest Reviews of Our Campsite in C\u00f4te-d&#039;Or \u2013 VERT AUXOIS \ud83c\udf3f<\/title>\n<meta name=\"description\" content=\"Read what our campers say: warm welcome, spotless facilities, peaceful setting and a great pool at Camping Vert Auxois.\" \/>\n<meta name=\"robots\" content=\"index, follow, max-snippet:-1, max-image-preview:large, max-video-preview:-1\" \/>\n<link rel=\"canonical\" href=\"https:\/\/camping-vert-auxois.fr\/en\/customer-reviews-of-our-campsite-in-cote-dor-in-pouilly-en-auxois\/\" \/>\n<meta property=\"og:locale\" content=\"en_GB\" \/>\n<meta property=\"og:type\" content=\"article\" \/>\n<meta property=\"og:title\" content=\"Camping Chateauneuf-en-Auxois \u2013 CAMPING VERT AUXOIS\" \/>\n<meta property=\"og:description\" content=\"Camping pr\u00e8s de Chateauneuf-en-Auxois. Venez s\u00e9journer dans notre camping\u202f \u00e9co-responsable avec piscine chauff\u00e9e \u00e0 Pouilly-en-Auxois.\u202f\" \/>\n<meta property=\"og:url\" content=\"https:\/\/camping-vert-auxois.fr\/en\/customer-reviews-of-our-campsite-in-cote-dor-in-pouilly-en-auxois\/\" \/>\n<meta property=\"og:site_name\" content=\"Camping avec piscine en C\u00f4te d&#039;Or - VERT AUXOIS\" \/>\n<meta property=\"article:publisher\" content=\"https:\/\/www.facebook.com\/CampingVertAuxois\/\" \/>\n<meta property=\"article:modified_time\" content=\"2025-11-28T08:43:01+00:00\" \/>\n<meta property=\"og:image\" content=\"https:\/\/camping-vert-auxois.fr\/wp-content\/uploads\/2023\/11\/Chateauneuf-en-Auxois-IMEA.jpg\" \/>\n\t<meta property=\"og:image:width\" content=\"2000\" \/>\n\t<meta property=\"og:image:height\" content=\"1324\" \/>\n\t<meta property=\"og:image:type\" content=\"image\/jpeg\" \/>\n<meta name=\"twitter:card\" content=\"summary_large_image\" \/>\n<meta name=\"twitter:title\" content=\"Camping Chateauneuf-en-Auxois \u2013 CAMPING VERT AUXOIS\" \/>\n<meta name=\"twitter:description\" content=\"Camping pr\u00e8s de Chateauneuf-en-Auxois. Venez s\u00e9journer dans notre camping\u202f \u00e9co-responsable avec piscine chauff\u00e9e \u00e0 Pouilly-en-Auxois.\u202f\" \/>\n<meta name=\"twitter:image\" content=\"https:\/\/camping-vert-auxois.fr\/wp-content\/uploads\/2023\/11\/Chateauneuf-en-Auxois-IMEA.jpg\" \/>\n<meta name=\"twitter:label1\" content=\"Estimated reading time\" \/>\n\t<meta name=\"twitter:data1\" content=\"1 minute\" \/>\n<script type=\"application\/ld+json\" class=\"yoast-schema-graph\">{\"@context\":\"https:\\\/\\\/schema.org\",\"@graph\":[{\"@type\":\"Article\",\"@id\":\"https:\\\/\\\/camping-vert-auxois.fr\\\/en\\\/customer-reviews-of-our-campsite-in-cote-dor-in-pouilly-en-auxois\\\/#article\",\"isPartOf\":{\"@id\":\"https:\\\/\\\/camping-vert-auxois.fr\\\/en\\\/customer-reviews-of-our-campsite-in-cote-dor-in-pouilly-en-auxois\\\/\"},\"author\":{\"name\":\"Admin_auxois\",\"@id\":\"https:\\\/\\\/camping-vert-auxois.fr\\\/en\\\/#\\\/schema\\\/person\\\/38e347ff811233b62d9bc5a4f3b0f1c7\"},\"headline\":\"Customer Reviews of Camping Vert Auxois\",\"datePublished\":\"2025-11-27T15:59:46+00:00\",\"dateModified\":\"2025-11-28T08:43:01+00:00\",\"mainEntityOfPage\":{\"@id\":\"https:\\\/\\\/camping-vert-auxois.fr\\\/en\\\/customer-reviews-of-our-campsite-in-cote-dor-in-pouilly-en-auxois\\\/\"},\"wordCount\":19,\"publisher\":{\"@id\":\"https:\\\/\\\/camping-vert-auxois.fr\\\/en\\\/#organization\"},\"image\":{\"@id\":\"https:\\\/\\\/camping-vert-auxois.fr\\\/en\\\/customer-reviews-of-our-campsite-in-cote-dor-in-pouilly-en-auxois\\\/#primaryimage\"},\"thumbnailUrl\":\"https:\\\/\\\/camping-vert-auxois.fr\\\/wp-content\\\/uploads\\\/2023\\\/06\\\/Camping-3-etoiles-en-Bourgogne-Franche-Comte-avec-piscine-Camping-Vert-Auxois-en-Cote-dOr-Michel_JOLY__CONTACT-scaled.webp\",\"inLanguage\":\"en-GB\"},{\"@type\":\"WebPage\",\"@id\":\"https:\\\/\\\/camping-vert-auxois.fr\\\/en\\\/customer-reviews-of-our-campsite-in-cote-dor-in-pouilly-en-auxois\\\/\",\"url\":\"https:\\\/\\\/camping-vert-auxois.fr\\\/en\\\/customer-reviews-of-our-campsite-in-cote-dor-in-pouilly-en-auxois\\\/\",\"name\":\"Guest Reviews of Our Campsite in C\u00f4te-d'Or \u2013 VERT AUXOIS \ud83c\udf3f\",\"isPartOf\":{\"@id\":\"https:\\\/\\\/camping-vert-auxois.fr\\\/en\\\/#website\"},\"primaryImageOfPage\":{\"@id\":\"https:\\\/\\\/camping-vert-auxois.fr\\\/en\\\/customer-reviews-of-our-campsite-in-cote-dor-in-pouilly-en-auxois\\\/#primaryimage\"},\"image\":{\"@id\":\"https:\\\/\\\/camping-vert-auxois.fr\\\/en\\\/customer-reviews-of-our-campsite-in-cote-dor-in-pouilly-en-auxois\\\/#primaryimage\"},\"thumbnailUrl\":\"https:\\\/\\\/camping-vert-auxois.fr\\\/wp-content\\\/uploads\\\/2023\\\/06\\\/Camping-3-etoiles-en-Bourgogne-Franche-Comte-avec-piscine-Camping-Vert-Auxois-en-Cote-dOr-Michel_JOLY__CONTACT-scaled.webp\",\"datePublished\":\"2025-11-27T15:59:46+00:00\",\"dateModified\":\"2025-11-28T08:43:01+00:00\",\"description\":\"Read what our campers say: warm welcome, spotless facilities, peaceful setting and a great pool at Camping Vert Auxois.\",\"breadcrumb\":{\"@id\":\"https:\\\/\\\/camping-vert-auxois.fr\\\/en\\\/customer-reviews-of-our-campsite-in-cote-dor-in-pouilly-en-auxois\\\/#breadcrumb\"},\"inLanguage\":\"en-GB\",\"potentialAction\":[{\"@type\":\"ReadAction\",\"target\":[\"https:\\\/\\\/camping-vert-auxois.fr\\\/en\\\/customer-reviews-of-our-campsite-in-cote-dor-in-pouilly-en-auxois\\\/\"]}]},{\"@type\":\"ImageObject\",\"inLanguage\":\"en-GB\",\"@id\":\"https:\\\/\\\/camping-vert-auxois.fr\\\/en\\\/customer-reviews-of-our-campsite-in-cote-dor-in-pouilly-en-auxois\\\/#primaryimage\",\"url\":\"https:\\\/\\\/camping-vert-auxois.fr\\\/wp-content\\\/uploads\\\/2023\\\/06\\\/Camping-3-etoiles-en-Bourgogne-Franche-Comte-avec-piscine-Camping-Vert-Auxois-en-Cote-dOr-Michel_JOLY__CONTACT-scaled.webp\",\"contentUrl\":\"https:\\\/\\\/camping-vert-auxois.fr\\\/wp-content\\\/uploads\\\/2023\\\/06\\\/Camping-3-etoiles-en-Bourgogne-Franche-Comte-avec-piscine-Camping-Vert-Auxois-en-Cote-dOr-Michel_JOLY__CONTACT-scaled.webp\",\"width\":2560,\"height\":1229},{\"@type\":\"BreadcrumbList\",\"@id\":\"https:\\\/\\\/camping-vert-auxois.fr\\\/en\\\/customer-reviews-of-our-campsite-in-cote-dor-in-pouilly-en-auxois\\\/#breadcrumb\",\"itemListElement\":[{\"@type\":\"ListItem\",\"position\":1,\"name\":\"Home\",\"item\":\"https:\\\/\\\/camping-vert-auxois.fr\\\/en\\\/campsite-on-the-edge-of-the-burgundy-canal-pouilly-en-auxois-cote-dor-burgundy-franche-comte\\\/\"},{\"@type\":\"ListItem\",\"position\":2,\"name\":\"Camping Chateauneuf-en-Auxois\"}]},{\"@type\":\"WebSite\",\"@id\":\"https:\\\/\\\/camping-vert-auxois.fr\\\/en\\\/#website\",\"url\":\"https:\\\/\\\/camping-vert-auxois.fr\\\/en\\\/\",\"name\":\"Camping Vert Auxois\",\"description\":\"Camping Bourgogne Franche Comt\u00e9\",\"publisher\":{\"@id\":\"https:\\\/\\\/camping-vert-auxois.fr\\\/en\\\/#organization\"},\"alternateName\":\"Camping Vert Auxois\",\"potentialAction\":[{\"@type\":\"SearchAction\",\"target\":{\"@type\":\"EntryPoint\",\"urlTemplate\":\"https:\\\/\\\/camping-vert-auxois.fr\\\/en\\\/?s={search_term_string}\"},\"query-input\":{\"@type\":\"PropertyValueSpecification\",\"valueRequired\":true,\"valueName\":\"search_term_string\"}}],\"inLanguage\":\"en-GB\"},{\"@type\":\"Organization\",\"@id\":\"https:\\\/\\\/camping-vert-auxois.fr\\\/en\\\/#organization\",\"name\":\"Camping Vert Auxois\",\"alternateName\":\"Canal eu bord du Canal de Bourgogne\",\"url\":\"https:\\\/\\\/camping-vert-auxois.fr\\\/en\\\/\",\"logo\":{\"@type\":\"ImageObject\",\"inLanguage\":\"en-GB\",\"@id\":\"https:\\\/\\\/camping-vert-auxois.fr\\\/en\\\/#\\\/schema\\\/logo\\\/image\\\/\",\"url\":\"https:\\\/\\\/camping-vert-auxois.fr\\\/wp-content\\\/uploads\\\/2023\\\/02\\\/Camping-3-etoiles-en-Bourgogne-Franche-Comte-avec-piscine-Camping-Vert-Auxois-en-Cote-dOr-Alain_DOIRE_BANNIERE-PAGE-copie.webp\",\"contentUrl\":\"https:\\\/\\\/camping-vert-auxois.fr\\\/wp-content\\\/uploads\\\/2023\\\/02\\\/Camping-3-etoiles-en-Bourgogne-Franche-Comte-avec-piscine-Camping-Vert-Auxois-en-Cote-dOr-Alain_DOIRE_BANNIERE-PAGE-copie.webp\",\"width\":1400,\"height\":1119,\"caption\":\"Camping Vert Auxois\"},\"image\":{\"@id\":\"https:\\\/\\\/camping-vert-auxois.fr\\\/en\\\/#\\\/schema\\\/logo\\\/image\\\/\"},\"sameAs\":[\"https:\\\/\\\/www.facebook.com\\\/CampingVertAuxois\\\/\",\"https:\\\/\\\/www.instagram.com\\\/camping_vert_auxois\\\/\"]},{\"@type\":\"Person\",\"@id\":\"https:\\\/\\\/camping-vert-auxois.fr\\\/en\\\/#\\\/schema\\\/person\\\/38e347ff811233b62d9bc5a4f3b0f1c7\",\"name\":\"Admin_auxois\",\"sameAs\":[\"https:\\\/\\\/camping-vert-auxois.fr\\\/\"],\"url\":\"https:\\\/\\\/camping-vert-auxois.fr\\\/en\\\/author\\\/admin_auxois\\\/\"}]}<\/script>\n<!-- \/ Yoast SEO plugin. -->","yoast_head_json":{"title":"Guest Reviews of Our Campsite in C\u00f4te-d'Or \u2013 VERT AUXOIS \ud83c\udf3f","description":"Read what our campers say: warm welcome, spotless facilities, peaceful setting and a great pool at Camping Vert Auxois.","robots":{"index":"index","follow":"follow","max-snippet":"max-snippet:-1","max-image-preview":"max-image-preview:large","max-video-preview":"max-video-preview:-1"},"canonical":"https:\/\/camping-vert-auxois.fr\/en\/customer-reviews-of-our-campsite-in-cote-dor-in-pouilly-en-auxois\/","og_locale":"en_GB","og_type":"article","og_title":"Camping Chateauneuf-en-Auxois \u2013 CAMPING VERT AUXOIS","og_description":"Camping pr\u00e8s de Chateauneuf-en-Auxois. Venez s\u00e9journer dans notre camping\u202f \u00e9co-responsable avec piscine chauff\u00e9e \u00e0 Pouilly-en-Auxois.\u202f","og_url":"https:\/\/camping-vert-auxois.fr\/en\/customer-reviews-of-our-campsite-in-cote-dor-in-pouilly-en-auxois\/","og_site_name":"Camping avec piscine en C\u00f4te d&#039;Or - VERT AUXOIS","article_publisher":"https:\/\/www.facebook.com\/CampingVertAuxois\/","article_modified_time":"2025-11-28T08:43:01+00:00","og_image":[{"width":2000,"height":1324,"url":"https:\/\/camping-vert-auxois.fr\/wp-content\/uploads\/2023\/11\/Chateauneuf-en-Auxois-IMEA.jpg","type":"image\/jpeg"}],"twitter_card":"summary_large_image","twitter_title":"Camping Chateauneuf-en-Auxois \u2013 CAMPING VERT AUXOIS","twitter_description":"Camping pr\u00e8s de Chateauneuf-en-Auxois. Venez s\u00e9journer dans notre camping\u202f \u00e9co-responsable avec piscine chauff\u00e9e \u00e0 Pouilly-en-Auxois.\u202f","twitter_image":"https:\/\/camping-vert-auxois.fr\/wp-content\/uploads\/2023\/11\/Chateauneuf-en-Auxois-IMEA.jpg","twitter_misc":{"Estimated reading time":"1 minute"},"schema":{"@context":"https:\/\/schema.org","@graph":[{"@type":"Article","@id":"https:\/\/camping-vert-auxois.fr\/en\/customer-reviews-of-our-campsite-in-cote-dor-in-pouilly-en-auxois\/#article","isPartOf":{"@id":"https:\/\/camping-vert-auxois.fr\/en\/customer-reviews-of-our-campsite-in-cote-dor-in-pouilly-en-auxois\/"},"author":{"name":"Admin_auxois","@id":"https:\/\/camping-vert-auxois.fr\/en\/#\/schema\/person\/38e347ff811233b62d9bc5a4f3b0f1c7"},"headline":"Customer Reviews of Camping Vert Auxois","datePublished":"2025-11-27T15:59:46+00:00","dateModified":"2025-11-28T08:43:01+00:00","mainEntityOfPage":{"@id":"https:\/\/camping-vert-auxois.fr\/en\/customer-reviews-of-our-campsite-in-cote-dor-in-pouilly-en-auxois\/"},"wordCount":19,"publisher":{"@id":"https:\/\/camping-vert-auxois.fr\/en\/#organization"},"image":{"@id":"https:\/\/camping-vert-auxois.fr\/en\/customer-reviews-of-our-campsite-in-cote-dor-in-pouilly-en-auxois\/#primaryimage"},"thumbnailUrl":"https:\/\/camping-vert-auxois.fr\/wp-content\/uploads\/2023\/06\/Camping-3-etoiles-en-Bourgogne-Franche-Comte-avec-piscine-Camping-Vert-Auxois-en-Cote-dOr-Michel_JOLY__CONTACT-scaled.webp","inLanguage":"en-GB"},{"@type":"WebPage","@id":"https:\/\/camping-vert-auxois.fr\/en\/customer-reviews-of-our-campsite-in-cote-dor-in-pouilly-en-auxois\/","url":"https:\/\/camping-vert-auxois.fr\/en\/customer-reviews-of-our-campsite-in-cote-dor-in-pouilly-en-auxois\/","name":"Guest Reviews of Our Campsite in C\u00f4te-d'Or \u2013 VERT AUXOIS \ud83c\udf3f","isPartOf":{"@id":"https:\/\/camping-vert-auxois.fr\/en\/#website"},"primaryImageOfPage":{"@id":"https:\/\/camping-vert-auxois.fr\/en\/customer-reviews-of-our-campsite-in-cote-dor-in-pouilly-en-auxois\/#primaryimage"},"image":{"@id":"https:\/\/camping-vert-auxois.fr\/en\/customer-reviews-of-our-campsite-in-cote-dor-in-pouilly-en-auxois\/#primaryimage"},"thumbnailUrl":"https:\/\/camping-vert-auxois.fr\/wp-content\/uploads\/2023\/06\/Camping-3-etoiles-en-Bourgogne-Franche-Comte-avec-piscine-Camping-Vert-Auxois-en-Cote-dOr-Michel_JOLY__CONTACT-scaled.webp","datePublished":"2025-11-27T15:59:46+00:00","dateModified":"2025-11-28T08:43:01+00:00","description":"Read what our campers say: warm welcome, spotless facilities, peaceful setting and a great pool at Camping Vert Auxois.","breadcrumb":{"@id":"https:\/\/camping-vert-auxois.fr\/en\/customer-reviews-of-our-campsite-in-cote-dor-in-pouilly-en-auxois\/#breadcrumb"},"inLanguage":"en-GB","potentialAction":[{"@type":"ReadAction","target":["https:\/\/camping-vert-auxois.fr\/en\/customer-reviews-of-our-campsite-in-cote-dor-in-pouilly-en-auxois\/"]}]},{"@type":"ImageObject","inLanguage":"en-GB","@id":"https:\/\/camping-vert-auxois.fr\/en\/customer-reviews-of-our-campsite-in-cote-dor-in-pouilly-en-auxois\/#primaryimage","url":"https:\/\/camping-vert-auxois.fr\/wp-content\/uploads\/2023\/06\/Camping-3-etoiles-en-Bourgogne-Franche-Comte-avec-piscine-Camping-Vert-Auxois-en-Cote-dOr-Michel_JOLY__CONTACT-scaled.webp","contentUrl":"https:\/\/camping-vert-auxois.fr\/wp-content\/uploads\/2023\/06\/Camping-3-etoiles-en-Bourgogne-Franche-Comte-avec-piscine-Camping-Vert-Auxois-en-Cote-dOr-Michel_JOLY__CONTACT-scaled.webp","width":2560,"height":1229},{"@type":"BreadcrumbList","@id":"https:\/\/camping-vert-auxois.fr\/en\/customer-reviews-of-our-campsite-in-cote-dor-in-pouilly-en-auxois\/#breadcrumb","itemListElement":[{"@type":"ListItem","position":1,"name":"Home","item":"https:\/\/camping-vert-auxois.fr\/en\/campsite-on-the-edge-of-the-burgundy-canal-pouilly-en-auxois-cote-dor-burgundy-franche-comte\/"},{"@type":"ListItem","position":2,"name":"Camping Chateauneuf-en-Auxois"}]},{"@type":"WebSite","@id":"https:\/\/camping-vert-auxois.fr\/en\/#website","url":"https:\/\/camping-vert-auxois.fr\/en\/","name":"Camping Vert Auxois","description":"Camping Bourgogne Franche Comt\u00e9","publisher":{"@id":"https:\/\/camping-vert-auxois.fr\/en\/#organization"},"alternateName":"Camping Vert Auxois","potentialAction":[{"@type":"SearchAction","target":{"@type":"EntryPoint","urlTemplate":"https:\/\/camping-vert-auxois.fr\/en\/?s={search_term_string}"},"query-input":{"@type":"PropertyValueSpecification","valueRequired":true,"valueName":"search_term_string"}}],"inLanguage":"en-GB"},{"@type":"Organization","@id":"https:\/\/camping-vert-auxois.fr\/en\/#organization","name":"Camping Vert Auxois","alternateName":"Canal eu bord du Canal de Bourgogne","url":"https:\/\/camping-vert-auxois.fr\/en\/","logo":{"@type":"ImageObject","inLanguage":"en-GB","@id":"https:\/\/camping-vert-auxois.fr\/en\/#\/schema\/logo\/image\/","url":"https:\/\/camping-vert-auxois.fr\/wp-content\/uploads\/2023\/02\/Camping-3-etoiles-en-Bourgogne-Franche-Comte-avec-piscine-Camping-Vert-Auxois-en-Cote-dOr-Alain_DOIRE_BANNIERE-PAGE-copie.webp","contentUrl":"https:\/\/camping-vert-auxois.fr\/wp-content\/uploads\/2023\/02\/Camping-3-etoiles-en-Bourgogne-Franche-Comte-avec-piscine-Camping-Vert-Auxois-en-Cote-dOr-Alain_DOIRE_BANNIERE-PAGE-copie.webp","width":1400,"height":1119,"caption":"Camping Vert Auxois"},"image":{"@id":"https:\/\/camping-vert-auxois.fr\/en\/#\/schema\/logo\/image\/"},"sameAs":["https:\/\/www.facebook.com\/CampingVertAuxois\/","https:\/\/www.instagram.com\/camping_vert_auxois\/"]},{"@type":"Person","@id":"https:\/\/camping-vert-auxois.fr\/en\/#\/schema\/person\/38e347ff811233b62d9bc5a4f3b0f1c7","name":"Admin_auxois","sameAs":["https:\/\/camping-vert-auxois.fr\/"],"url":"https:\/\/camping-vert-auxois.fr\/en\/author\/admin_auxois\/"}]}},"_links":{"self":[{"href":"https:\/\/camping-vert-auxois.fr\/en\/wp-json\/wp\/v2\/pages\/18446","targetHints":{"allow":["GET"]}}],"collection":[{"href":"https:\/\/camping-vert-auxois.fr\/en\/wp-json\/wp\/v2\/pages"}],"about":[{"href":"https:\/\/camping-vert-auxois.fr\/en\/wp-json\/wp\/v2\/types\/page"}],"author":[{"embeddable":true,"href":"https:\/\/camping-vert-auxois.fr\/en\/wp-json\/wp\/v2\/users\/1"}],"replies":[{"embeddable":true,"href":"https:\/\/camping-vert-auxois.fr\/en\/wp-json\/wp\/v2\/comments?post=18446"}],"version-history":[{"count":25,"href":"https:\/\/camping-vert-auxois.fr\/en\/wp-json\/wp\/v2\/pages\/18446\/revisions"}],"predecessor-version":[{"id":18528,"href":"https:\/\/camping-vert-auxois.fr\/en\/wp-json\/wp\/v2\/pages\/18446\/revisions\/18528"}],"wp:featuredmedia":[{"embeddable":true,"href":"https:\/\/camping-vert-auxois.fr\/en\/wp-json\/wp\/v2\/media\/16575"}],"wp:attachment":[{"href":"https:\/\/camping-vert-auxois.fr\/en\/wp-json\/wp\/v2\/media?parent=18446"}],"curies":[{"name":"wp","href":"https:\/\/api.w.org\/{rel}","templated":true}]}}